{"id":169,"date":"2023-09-05T15:27:43","date_gmt":"2023-09-05T13:27:43","guid":{"rendered":"https:\/\/ontheborder.aau.at\/?page_id=169"},"modified":"2024-10-16T12:19:30","modified_gmt":"2024-10-16T10:19:30","slug":"introduction-alexandra-schwell","status":"publish","type":"page","link":"https:\/\/ontheborder.aau.at\/?page_id=169","title":{"rendered":"Introduction &#8211; A Tale of Twin Cities"},"content":{"rendered":"\n<div class=\"wp-block-group alignwide has-primary-color has-background-background-color has-text-color has-background\"><div class=\"wp-block-group__inner-container is-layout-constrained wp-block-group-is-layout-constrained\">\n<h1 class=\"wp-block-heading has-text-align-center has-primary-color has-background-background-color has-text-color has-background has-normal-font-size\">by Alexandra Schwell<\/h1>\n\n\n\n<blockquote class=\"wp-block-quote has-secondary-color has-background-background-color has-text-color has-background is-layout-flow wp-block-quote-is-layout-flow\">\n<p class=\"has-primary-color has-text-color\">\u201cGorizia and Nova Gorica, even if they belong to two different states, continue to imagine themselves as a single city.\u201d <\/p>\n<cite>Bisiani und Umani 2022: 292<\/cite><\/blockquote>\n\n\n\n<p class=\"has-primary-color has-text-color\">In October 2021, five students of <a href=\"https:\/\/www.aau.at\/kulturanalyse\/studium-angewandte-kulturwissenschaft\/\">Applied Cultural Analysis<\/a> at Klagenfurt University traveled with Alexandra Schwell to the Slovenian-Italian border to explore how memory, present and future visions are shaped in everyday life of the twin cities of Nova Gorica and Gorizia. Together with <a href=\"https:\/\/www.ff.uni-lj.si\/zaposleni\/miha-kozorog\">Miha Kozorog<\/a> and his students from the <a href=\"https:\/\/etnologija.ff.uni-lj.si\/en\">Department of Ethnology and Cultural Anthropology at the University of Ljubljana<\/a>, we wanted to learn about the challenges of two highly diverging border towns with a turbulent history, jointly preparing to be the 2025 European Capital of Culture.<\/p>\n\n\n\n<p class=\"has-primary-color has-text-color\">\u201cGO! Borderless\u201d is the motto, story, and vision of the 2025 European Capital of Culture, the \u201ctwin cities\u201d of Slovenian Nova Gorica and Italian Gorizia. The \u201cGO! Borderless\u201d website tells us that the two cities\u2019 fates are inextricably tied together, that they \u201c<a href=\"https:\/\/www.go2025.eu\/en\/\">strive and dwell together<\/a>,\u201d divided by wars but united by friendship and intense cooperation. <a href=\"https:\/\/ec.europa.eu\/regional_policy\/whats-new\/newsroom\/25-11-2022-smart-regions-the-twin-cities-gorizia-and-nova-gorica-bring-cross-border-cooperation-to-the-next-level_en\">\u201cThe twin cities Gorizia and Nova Gorica bring cross-border cooperation to the next level,\u201d<\/a> the European Union exclaims with excitement, proclaiming the cities a \u201csymbol for EU enlargement.\u201d <a href=\"https:\/\/ontheborder.aau.at\/?page_id=216\" data-type=\"page\" data-id=\"216\">(Klemenz-Kelih)<\/a><\/p>\n\n\n\n<figure class=\"wp-block-gallery has-nested-images columns-default is-cropped wp-block-gallery-1 is-layout-flex wp-block-gallery-is-layout-flex\">\n<figure class=\"wp-block-image size-large\"><img loading=\"lazy\" decoding=\"async\" width=\"1024\" height=\"768\" data-id=\"176\" src=\"https:\/\/ontheborder.aau.at\/wp-content\/uploads\/2023\/09\/20211018_183216-1024x768.jpg\" alt=\"\" class=\"wp-image-176\" srcset=\"https:\/\/ontheborder.aau.at\/wp-content\/uploads\/2023\/09\/20211018_183216-1024x768.jpg 1024w, https:\/\/ontheborder.aau.at\/wp-content\/uploads\/2023\/09\/20211018_183216-300x225.jpg 300w, https:\/\/ontheborder.aau.at\/wp-content\/uploads\/2023\/09\/20211018_183216-768x576.jpg 768w, https:\/\/ontheborder.aau.at\/wp-content\/uploads\/2023\/09\/20211018_183216-1536x1152.jpg 1536w, https:\/\/ontheborder.aau.at\/wp-content\/uploads\/2023\/09\/20211018_183216-2048x1536.jpg 2048w, https:\/\/ontheborder.aau.at\/wp-content\/uploads\/2023\/09\/20211018_183216-1200x900.jpg 1200w, https:\/\/ontheborder.aau.at\/wp-content\/uploads\/2023\/09\/20211018_183216-1980x1485.jpg 1980w\" sizes=\"auto, (max-width: 1024px) 100vw, 1024px\" \/><\/figure>\n\n\n\n<figure class=\"wp-block-image size-large\"><img loading=\"lazy\" decoding=\"async\" width=\"1024\" height=\"768\" data-id=\"174\" src=\"https:\/\/ontheborder.aau.at\/wp-content\/uploads\/2023\/09\/IMG_8370-1024x768.jpeg\" alt=\"\" class=\"wp-image-174\" srcset=\"https:\/\/ontheborder.aau.at\/wp-content\/uploads\/2023\/09\/IMG_8370-1024x768.jpeg 1024w, https:\/\/ontheborder.aau.at\/wp-content\/uploads\/2023\/09\/IMG_8370-300x225.jpeg 300w, https:\/\/ontheborder.aau.at\/wp-content\/uploads\/2023\/09\/IMG_8370-768x576.jpeg 768w, https:\/\/ontheborder.aau.at\/wp-content\/uploads\/2023\/09\/IMG_8370-1536x1152.jpeg 1536w, https:\/\/ontheborder.aau.at\/wp-content\/uploads\/2023\/09\/IMG_8370-2048x1536.jpeg 2048w, https:\/\/ontheborder.aau.at\/wp-content\/uploads\/2023\/09\/IMG_8370-1200x900.jpeg 1200w, https:\/\/ontheborder.aau.at\/wp-content\/uploads\/2023\/09\/IMG_8370-1980x1485.jpeg 1980w\" sizes=\"auto, (max-width: 1024px) 100vw, 1024px\" \/><\/figure>\n\n\n\n<figure class=\"wp-block-image size-large\"><img loading=\"lazy\" decoding=\"async\" width=\"1024\" height=\"768\" data-id=\"177\" src=\"https:\/\/ontheborder.aau.at\/wp-content\/uploads\/2023\/09\/IMG_8391-1024x768.jpeg\" alt=\"\" class=\"wp-image-177\" srcset=\"https:\/\/ontheborder.aau.at\/wp-content\/uploads\/2023\/09\/IMG_8391-1024x768.jpeg 1024w, https:\/\/ontheborder.aau.at\/wp-content\/uploads\/2023\/09\/IMG_8391-300x225.jpeg 300w, https:\/\/ontheborder.aau.at\/wp-content\/uploads\/2023\/09\/IMG_8391-768x576.jpeg 768w, https:\/\/ontheborder.aau.at\/wp-content\/uploads\/2023\/09\/IMG_8391-1536x1152.jpeg 1536w, https:\/\/ontheborder.aau.at\/wp-content\/uploads\/2023\/09\/IMG_8391-2048x1536.jpeg 2048w, https:\/\/ontheborder.aau.at\/wp-content\/uploads\/2023\/09\/IMG_8391-1200x900.jpeg 1200w, https:\/\/ontheborder.aau.at\/wp-content\/uploads\/2023\/09\/IMG_8391-1980x1485.jpeg 1980w\" sizes=\"auto, (max-width: 1024px) 100vw, 1024px\" \/><\/figure>\n\n\n\n<figure class=\"wp-block-image size-large\"><img loading=\"lazy\" decoding=\"async\" width=\"1024\" height=\"768\" data-id=\"170\" src=\"https:\/\/ontheborder.aau.at\/wp-content\/uploads\/2023\/09\/IMG_8400-1024x768.jpeg\" alt=\"\" class=\"wp-image-170\" srcset=\"https:\/\/ontheborder.aau.at\/wp-content\/uploads\/2023\/09\/IMG_8400-1024x768.jpeg 1024w, https:\/\/ontheborder.aau.at\/wp-content\/uploads\/2023\/09\/IMG_8400-300x225.jpeg 300w, https:\/\/ontheborder.aau.at\/wp-content\/uploads\/2023\/09\/IMG_8400-768x576.jpeg 768w, https:\/\/ontheborder.aau.at\/wp-content\/uploads\/2023\/09\/IMG_8400-1200x900.jpeg 1200w, https:\/\/ontheborder.aau.at\/wp-content\/uploads\/2023\/09\/IMG_8400.jpeg 1280w\" sizes=\"auto, (max-width: 1024px) 100vw, 1024px\" \/><\/figure>\n\n\n\n<figure class=\"wp-block-image size-large\"><img loading=\"lazy\" decoding=\"async\" width=\"1024\" height=\"768\" data-id=\"173\" src=\"https:\/\/ontheborder.aau.at\/wp-content\/uploads\/2023\/09\/IMG_8438-1024x768.jpeg\" alt=\"\" class=\"wp-image-173\" srcset=\"https:\/\/ontheborder.aau.at\/wp-content\/uploads\/2023\/09\/IMG_8438-1024x768.jpeg 1024w, https:\/\/ontheborder.aau.at\/wp-content\/uploads\/2023\/09\/IMG_8438-300x225.jpeg 300w, https:\/\/ontheborder.aau.at\/wp-content\/uploads\/2023\/09\/IMG_8438-768x576.jpeg 768w, https:\/\/ontheborder.aau.at\/wp-content\/uploads\/2023\/09\/IMG_8438-1536x1152.jpeg 1536w, https:\/\/ontheborder.aau.at\/wp-content\/uploads\/2023\/09\/IMG_8438-2048x1536.jpeg 2048w, https:\/\/ontheborder.aau.at\/wp-content\/uploads\/2023\/09\/IMG_8438-1200x900.jpeg 1200w, https:\/\/ontheborder.aau.at\/wp-content\/uploads\/2023\/09\/IMG_8438-1980x1485.jpeg 1980w\" sizes=\"auto, (max-width: 1024px) 100vw, 1024px\" \/><\/figure>\n\n\n\n<figure class=\"wp-block-image size-large\"><img loading=\"lazy\" decoding=\"async\" width=\"1024\" height=\"768\" data-id=\"175\" src=\"https:\/\/ontheborder.aau.at\/wp-content\/uploads\/2023\/09\/IMG_8440-1024x768.jpeg\" alt=\"\" class=\"wp-image-175\" srcset=\"https:\/\/ontheborder.aau.at\/wp-content\/uploads\/2023\/09\/IMG_8440-1024x768.jpeg 1024w, https:\/\/ontheborder.aau.at\/wp-content\/uploads\/2023\/09\/IMG_8440-300x225.jpeg 300w, https:\/\/ontheborder.aau.at\/wp-content\/uploads\/2023\/09\/IMG_8440-768x576.jpeg 768w, https:\/\/ontheborder.aau.at\/wp-content\/uploads\/2023\/09\/IMG_8440-1536x1152.jpeg 1536w, https:\/\/ontheborder.aau.at\/wp-content\/uploads\/2023\/09\/IMG_8440-2048x1536.jpeg 2048w, https:\/\/ontheborder.aau.at\/wp-content\/uploads\/2023\/09\/IMG_8440-1200x900.jpeg 1200w, https:\/\/ontheborder.aau.at\/wp-content\/uploads\/2023\/09\/IMG_8440-1980x1485.jpeg 1980w\" sizes=\"auto, (max-width: 1024px) 100vw, 1024px\" \/><\/figure>\n\n\n\n<figure class=\"wp-block-image size-large\"><img loading=\"lazy\" decoding=\"async\" width=\"1024\" height=\"768\" data-id=\"172\" src=\"https:\/\/ontheborder.aau.at\/wp-content\/uploads\/2023\/09\/IMG_8448-1024x768.jpeg\" alt=\"\" class=\"wp-image-172\" srcset=\"https:\/\/ontheborder.aau.at\/wp-content\/uploads\/2023\/09\/IMG_8448-1024x768.jpeg 1024w, https:\/\/ontheborder.aau.at\/wp-content\/uploads\/2023\/09\/IMG_8448-300x225.jpeg 300w, https:\/\/ontheborder.aau.at\/wp-content\/uploads\/2023\/09\/IMG_8448-768x576.jpeg 768w, https:\/\/ontheborder.aau.at\/wp-content\/uploads\/2023\/09\/IMG_8448-1536x1152.jpeg 1536w, https:\/\/ontheborder.aau.at\/wp-content\/uploads\/2023\/09\/IMG_8448-2048x1536.jpeg 2048w, https:\/\/ontheborder.aau.at\/wp-content\/uploads\/2023\/09\/IMG_8448-1200x900.jpeg 1200w, https:\/\/ontheborder.aau.at\/wp-content\/uploads\/2023\/09\/IMG_8448-1980x1485.jpeg 1980w\" sizes=\"auto, (max-width: 1024px) 100vw, 1024px\" \/><\/figure>\n\n\n\n<figure class=\"wp-block-image size-large\"><img loading=\"lazy\" decoding=\"async\" width=\"768\" height=\"1024\" data-id=\"171\" src=\"https:\/\/ontheborder.aau.at\/wp-content\/uploads\/2023\/09\/IMG_8489-768x1024.jpeg\" alt=\"\" class=\"wp-image-171\" srcset=\"https:\/\/ontheborder.aau.at\/wp-content\/uploads\/2023\/09\/IMG_8489-768x1024.jpeg 768w, https:\/\/ontheborder.aau.at\/wp-content\/uploads\/2023\/09\/IMG_8489-225x300.jpeg 225w, https:\/\/ontheborder.aau.at\/wp-content\/uploads\/2023\/09\/IMG_8489-1152x1536.jpeg 1152w, https:\/\/ontheborder.aau.at\/wp-content\/uploads\/2023\/09\/IMG_8489-1536x2048.jpeg 1536w, https:\/\/ontheborder.aau.at\/wp-content\/uploads\/2023\/09\/IMG_8489-1200x1600.jpeg 1200w, https:\/\/ontheborder.aau.at\/wp-content\/uploads\/2023\/09\/IMG_8489-1980x2640.jpeg 1980w, https:\/\/ontheborder.aau.at\/wp-content\/uploads\/2023\/09\/IMG_8489-scaled.jpeg 1920w\" sizes=\"auto, (max-width: 768px) 100vw, 768px\" \/><\/figure>\n\n\n<\/figure>\n\n\n\n<p class=\"has-primary-color has-text-color\">The twin cities of Nova Gorica and Gorizia. \u201cTwin Cities\u201d is a ubiquitous catchword when googling, visiting, or strolling through Nova Gorica and Gorizia.&nbsp; It comes almost naturally, as if separating the two towns would deprive them of a vital organ. But what does it mean? How appropriate is the term \u201ctwin cities\u201d? What would we expect from twins? What can the concept of twins teach us about two border towns, their relationship, and the expectations and hopes that the notion of \u201ctwins\u201d entails? Might our investigation of Nova Gorica and Gorizia possibly be a \u201ctwin study\u201d?<\/p>\n\n\n\n<p class=\"has-primary-color has-text-color\">Twin studies analyze such diverse questions as smoking and drinking patterns (Johnson u.&nbsp;a. 2011) and shall serve to solve the eternal question of nature vs. nurture, whether it is genetic or environmental influences that define who we are. Such studies often entail <a href=\"https:\/\/www.theguardian.com\/science\/2018\/nov\/11\/nature-or-nurture-debate-three-identical-strangers-film\">tragic life histories of twins or triplets<\/a> being forcefully separated at an early age. The Iron Curtain separated Nova Gorica and Gorizia, whereas one of the twins, Nova Gorica, was more than 1000 years younger than its older sibling. Until the end of World War I, Gorizia was a multi-ethnic and trilingual town (Italian, Slovenian, German). A crucial economical center in the times of the Habsburg Empire, it was severely damaged by the Isonzo Front in World War I and, with the Treaty of Saint Germain, became part of the Kingdom of Italy. A strong Italianization occurred between the two World Wars, accompanied by a specific &#8220;borderland fascism&#8221; (Capogreco 2019: 54). After World War II, the Iron Curtain cut through the town of Gorizia, and its more minor Eastern part was assigned to Yugoslavia. The borders were closed after World War II due to the confrontation of rivaling political hemispheres. On the other side of the border in Yugoslavia, the foundation stone for Nova Gorica was laid on June 13, 1948, as a model socialist town.<\/p>\n\n\n\n<p class=\"has-primary-color has-text-color\">While some might argue that the enormous age difference between Nova Gorica and Gorizia disqualifies them as twins, I suggest we consider them fraternal (dizygotic) twins instead of identical (monozygotic) twins, also since Nova Gorica and Gorizia certainly do not look alike.<\/p>\n\n\n\n<p class=\"has-primary-color has-text-color\"><strong>The \u201c<a href=\"https:\/\/ojs.zrc-sazu.si\/traditiones\/article\/view\/11623\">creation of cross-border common city space<\/a>\u201d<\/strong><\/p>\n\n\n\n<p class=\"has-primary-color has-text-color\">Let us also leave aside such tragic stories as the <a href=\"https:\/\/www.nytimes.com\/2018\/06\/01\/books\/review\/yunte-huang-inseparable.html\">Siamese twins Chang and Eng Bunker<\/a> and how they have been described, presented, exploited, laughed at, and humiliated.<\/p>\n\n\n\n<p class=\"has-primary-color has-text-color\">Nevertheless, between themselves, the two cities were not on equal terms. For a long time, the relationship between the two cities was defined primarily by consumption, gambling, and trade rather than by a genuine sense of belonging together. The Italian state made Gorizia a garrison with 5,000 soldiers and granted tax breaks. The Slovenians came for a shopping spree and bought cheap jeans and electrical appliances in Gorizia. \u201c<a href=\"https:\/\/taz.de\/Slowenisch-italienische-Grenzerfahrungen\/!5162143\/\">The border was a resource for Gorizia,\u201d<\/a> as the former head of the province of Gorizia\u2019s department for cross-border relations put it in 2009.<\/p>\n\n\n\n<p class=\"has-primary-color has-text-color\">This changed with the breakup of Yugoslavia in 1991 and the opening of borders. Nova Gorica, now part of Slovenia, developed a vibrant Italian-influenced cultural scene and became a bustling university town. Tourists, especially from neighboring Italy, flock to Nova Gorica\u2019s numerous casinos (Steindl), guaranteeing the high city revenues that Gorizian politicians envy as Gorizia suffers from its peripheral location, its economic decline, and a high number of vacancies. The hope for the future of the twin cities lies in the European Capital of Culture 2025, true to its motto: &#8220;GO! Borderless.&#8221;<\/p>\n\n\n\n<p class=\"has-primary-color has-text-color\">If, for a moment, we accept that Nova Gorica and Gorizia are fraternal twins, how can we understand their relationship? What about the almost mythical capabilities of twins to feel the other\u2019s pain and read each other\u2019s minds? How do Nova Gorica\u2019s and Gorizia\u2019s feelings of connection, and the border between them, materialize? <a href=\"https:\/\/ontheborder.aau.at\/?page_id=188\" data-type=\"page\" data-id=\"188\">(Pachler)<\/a><\/p>\n\n\n\n<p class=\"has-primary-color has-text-color\">In contrast to what many people think about twins\u2019 special connection, \u201c<a href=\"https:\/\/www.irishtimes.com\/helping-twins-get-along-1.1376466\">like all siblings in a family, twins can at times feel competitive with one another and struggle to work out their unique identity in the family<\/a>.\u201d Likewise, Slovenian interlocutors report Italian feelings of superiority and Slovenian inferiority complexes, linguistic and other asymmetries, and stereotyping <a href=\"https:\/\/ontheborder.aau.at\/?page_id=202\" data-type=\"page\" data-id=\"202\">(Kainz)<\/a>. The former welfare gap between Italy and Yugoslavia has, in fact, been turned upside down, creating friction and uneasiness in everyday lives. Hence, looking for cinematic role models, Nova Gorica and Gorizia are less like <a href=\"https:\/\/www.cbr.com\/harry-potter-fred-george-weasley-best-quotes\/\">Fred and George Weasley<\/a> but rather resemble the twins from the 1988 film of the same name starring Arnold Schwarzenegger and Danny DeVito as \u201c<a href=\"https:\/\/en.wikipedia.org\/wiki\/Twins_(1988_film)\">unlikely fraternal twin brothers [\u2026] who were separated at birth<\/a>\u201d. The IMDb movie database summarizes \u201cTwins\u201d as follows: \u201e<a href=\"https:\/\/www.imdb.com\/title\/tt0096320\/\">A physically perfect but innocent man goes in search of his long-lost twin brother, who is short, a womanizer, and small-time crook<\/a>.\u201c But in the case of Nova Gorica and Gorizia, who is who?<\/p>\n\n\n\n<p class=\"has-primary-color has-text-color\">Let this question settle for a moment and let us turn to cultural history and literature instead. Juliana De Nooy\u2019s insightful book \u201cTwins in Contemporary Literature and Culture: Look Twice\u201d identifies several literary and cinematographic motifs in twin literature (Nooy 2005). There is \u201csurviving sameness\u201d against all odds, then there is the evil twin sister and the wicked twin brothers, the queer twin, and the denied and dispelled mutant twin who returns with a vengeance. Most motifs will probably not be helpful for us in the attempt to understand Nova Gorica and Gorizia.<\/p>\n\n\n\n<p class=\"has-primary-color has-text-color\">Let us turn to history instead. Twins in ancient legends and myths, more often than not, are fraternal, not identical. As De Nooy points out, twins \u201coften embody opposed talents and social principles: the hunter and the herdsman (Esau and Jacob), the labourer and the musician (Zethus and Amphion) [\u2026]). Most notably, however, they are hostile rivals to the point of fratricide\u201d (De Nooy 2005: 114). In ancient tales, twins are antagonists who rival for power, a struggle often ending with one twin\u2019s death to restore social cohesion. Nova Gorica and Gorizia should not look for these kinds of twin stories.<\/p>\n\n\n\n<p class=\"has-primary-color has-text-color\">Luckily, with the advent of modern times, also twin stories changed and placed their emphasis less on submission and power but on cohabitation and togetherness. De Nooy makes an interesting observation about the relationship between twins and nations and \u201ctales of cultural divides\u201d: \u201cthe twins story most readily available for use in contemporary tales of nations [is] that of the reconciliation of twins raised apart. Separated early in life, living parallel but contrasting lives on opposite sides of a border, such twins finally meet and rekindle a relationship across the frontier\u201d (De Nooy 2005: 116). The basic message behind this is that a border is an artificial division that creates an arbitrary difference that otherwise would not exist (De Nooy 2005: 118). To be sure, differences do not cease to exist when the twins are reunited. They may be the beginning of a long and painful journey where both navigate, mirroring the relationship of self and other. Yet, as De Nooy argues for such literary twin tales, they \u201cillustrate the arbitrariness of social and geographical dividing lines and make the case that what the two share outweighs their differences\u201d (De Nooy 2005: 136).<\/p>\n\n\n\n<p class=\"has-primary-color has-text-color\">Hence, if we follow De Nooy one last time when she says that \u201cthe uses of twins to represent fissures in national or cultural identity reveal understandings of the causes of and remedies for tensions and conflict among peoples\u201d (De Nooy 2005: 136), what does this tell us about Nova Gorica and Gorizia? Which twin is who? Who gets to be the witty Vincent (Danny DeVito), and who is the slightly naive Julius (Arnold Schwarzenegger)? Fraternal twins may complement each other; add what the other one lacks. But what about jealousy, inequalities, and frustration? What does it mean when, after a joyous reunion, the twins discover that their lives could have been different all along?<\/p>\n\n\n\n<p class=\"has-primary-color has-text-color\">These are only some of the very many questions that the inhabitants of both towns, the twin cities, their municipalities, and last but not least, the organizers of GO! Borderless will have to figure out. There are as many answers as there are actors involved on both sides of the border. Maybe their relationship is best caught in the 2014 movie \u201c<a href=\"https:\/\/www.imdb.com\/title\/tt1571249\/?ref_=vp_close\">The Skeleton Twins<\/a>\u201d: \u201cHaving both coincidentally cheated death on the same day, estranged twins reunite with the possibility of mending their relationship.\u201d<\/p>\n\n\n\n<p class=\"has-primary-color has-text-color\"><strong>References<\/strong><\/p>\n\n\n\n<p class=\"has-primary-color has-text-color\">Bisiani, Thomas, and Vittoria Umani (2022): Forms of the Void: Gorizia and the Border That No Longer Exists. <em>Athens Journal of Architecture<\/em> 8 (3): 277\u201394.<br>Capogreco, Carlo Spartaco (2019): <em>Mussolini\u2019s Camps: Civilian Internment in Fascist Italy (1940-1943)<\/em>. London; New York: Routledge.<br>Johnson, Wendy, Kirsten Ohm Kyvik, Erik L. Mortensen, Axel Skytthe, G. David Batty, and Ian J. Deary (2011): Does Education Confer a Culture of Healthy Behavior? Smoking and Drinking Patterns in Danish Twins. <em>American Journal of Epidemiology<\/em> 173 (1): 55\u201363.<br>Nooy, Juliana De (2005): <em>Twins in Contemporary Literature and Culture: Look Twice<\/em>. Houndmills, Basingstoke: Palgrave Macmillan.<br>Veselinovi\u010d, Jaro, and Miha Kozorog (2022): Evropska prestolnica kulture 2025: Ve\u010dtirno gibalo razvoja \u010dezmejnega mesta Nove Gorice in Gorice. <em>Traditiones<\/em> 51 (3): 75\u201397.<\/p>\n<\/div><\/div>\n","protected":false},"excerpt":{"rendered":"<p>by Alexandra Schwell \u201cGorizia and Nova Gorica, even if they belong to two different states, continue to imagine themselves as a single city.\u201d In October 2021, five students of Applied Cultural Analysis at Klagenfurt University traveled with Alexandra Schwell to the Slovenian-Italian border to explore how memory, present and future visions are shaped in everyday [&hellip;]<\/p>\n","protected":false},"author":1,"featured_media":174,"parent":293,"menu_order":0,"comment_status":"closed","ping_status":"closed","template":"","meta":{"footnotes":""},"class_list":["post-169","page","type-page","status-publish","has-post-thumbnail","hentry"],"_links":{"self":[{"href":"https:\/\/ontheborder.aau.at\/index.php?rest_route=\/wp\/v2\/pages\/169","targetHints":{"allow":["GET"]}}],"collection":[{"href":"https:\/\/ontheborder.aau.at\/index.php?rest_route=\/wp\/v2\/pages"}],"about":[{"href":"https:\/\/ontheborder.aau.at\/index.php?rest_route=\/wp\/v2\/types\/page"}],"author":[{"embeddable":true,"href":"https:\/\/ontheborder.aau.at\/index.php?rest_route=\/wp\/v2\/users\/1"}],"replies":[{"embeddable":true,"href":"https:\/\/ontheborder.aau.at\/index.php?rest_route=%2Fwp%2Fv2%2Fcomments&post=169"}],"version-history":[{"count":17,"href":"https:\/\/ontheborder.aau.at\/index.php?rest_route=\/wp\/v2\/pages\/169\/revisions"}],"predecessor-version":[{"id":325,"href":"https:\/\/ontheborder.aau.at\/index.php?rest_route=\/wp\/v2\/pages\/169\/revisions\/325"}],"up":[{"embeddable":true,"href":"https:\/\/ontheborder.aau.at\/index.php?rest_route=\/wp\/v2\/pages\/293"}],"wp:featuredmedia":[{"embeddable":true,"href":"https:\/\/ontheborder.aau.at\/index.php?rest_route=\/wp\/v2\/media\/174"}],"wp:attachment":[{"href":"https:\/\/ontheborder.aau.at\/index.php?rest_route=%2Fwp%2Fv2%2Fmedia&parent=169"}],"curies":[{"name":"wp","href":"https:\/\/api.w.org\/{rel}","templated":true}]}}