{"id":3,"date":"2021-12-17T12:10:58","date_gmt":"2021-12-17T11:10:58","guid":{"rendered":"https:\/\/ontheborder.aau.at\/?page_id=3"},"modified":"2026-02-09T10:11:16","modified_gmt":"2026-02-09T09:11:16","slug":"datenschutzerklaerung","status":"publish","type":"page","link":"https:\/\/ontheborder.aau.at\/?page_id=3","title":{"rendered":"Datenschutzerkl\u00e4rung"},"content":{"rendered":"\n<div class=\"wp-block-group has-background-background-color has-background has-small-font-size\"><div class=\"wp-block-group__inner-container is-layout-constrained wp-block-group-is-layout-constrained\">\n<div class=\"wp-block-group\"><div class=\"wp-block-group__inner-container is-layout-constrained wp-block-group-is-layout-constrained\">\n<p class=\"has-small-font-size\">Die Universit\u00e4t Klagenfurt freut sich, dass Sie unsere Website besuchen. Datenschutz und Datensicherheit bei der Nutzung unserer Website sind f\u00fcr uns sehr wichtig. Wir m\u00f6chten Sie daher an dieser Stelle dar\u00fcber informieren, welche Ihrer personenbezogenen Daten wir bei Ihrem Besuch auf unserer Website erfassen und f\u00fcr welche Zwecke diese genutzt werden.<br>Da Gesetzes\u00e4nderungen oder \u00c4nderungen unserer unternehmensinternen Prozesse eine Anpassung dieser Datenschutzerkl\u00e4rung erforderlich machen k\u00f6nnen, bitten wir Sie, diese Datenschutzerkl\u00e4rung regelm\u00e4\u00dfig durchzulesen. Die Datenschutzerkl\u00e4rung kann jederzeit unter Datenschutzerkl\u00e4rung abgerufen, abgespeichert und ausgedruckt werden.<\/p>\n<\/div><\/div>\n\n\n\n<p><strong><em>Verantwortlicher und Geltungsbereich<\/em><\/strong><\/p>\n\n\n\n<p>Der Verantwortliche im Sinne der EU-Datenschutzgrundverordnung (im Folgenden: DSGVO) und anderer nationaler Datenschutzgesetze der Mitgliedsstaaten sowie sonstiger datenschutzrechtlicher Bestimmungen ist:<br>Universit\u00e4t Klagenfurt<br>Universit\u00e4tsstra\u00dfe 65-67<br>9020 Klagenfurt am W\u00f6rthersee<br>E-Mail:&nbsp;<a href=\"javascript:DeCryptX('3x3q0i2B3d2c3x312c0t')\">uni [at] aau [dot] at<\/a><br>Website: www.aau.at<br>Diese Datenschutzerkl\u00e4rung gilt f\u00fcr das Internetangebot der Universit\u00e4t Klagenfurt, welches unter der Domain aau.at (im Folgenden \u201eunsere Website\u201c oder \u201eWebauftritt\u201c genannt) abrufbar ist.<\/p>\n\n\n\n<p><strong><em>Datenschutzbeauftragter<\/em><\/strong><\/p>\n\n\n\n<p>Den\/die Datenschutzbeauftragte:n der Universit\u00e4t Klagenfurt erreichen Sie unter: <a href=\"mailto:dsb@aau.at\">dsb@aau.at<\/a>.<\/p>\n\n\n\n<p><strong><em>Grunds\u00e4tze der Datenverarbeitung<\/em><\/strong><\/p>\n\n\n\n<p>Personenbezogene Daten sind alle Informationen, die sich auf eine identifizierte oder identifizierbare nat\u00fcrliche Person beziehen. Hierzu geh\u00f6ren beispielsweise Informationen wie Ihr Name, Ihr Alter, Ihre Anschrift, Ihre Telefonnummer, Ihr Geburtsdatum, Ihre E-Mail-Adresse, Ihre IP-Adresse oder das Nutzerverhalten. Informationen, bei denen wir keinen (oder nur mit einem unverh\u00e4ltnism\u00e4\u00dfigen Aufwand einen) Bezug zu Ihrer Person herstellen k\u00f6nnen, z.B. durch Anonymisierung der Informationen, sind keine personenbezogenen Daten. Die Verarbeitung von personenbezogenen Daten (bspw. das Erheben, das Abfragen, die Verwendung, die Speicherung oder die \u00dcbermittlung) bedarf immer einer gesetzlichen Grundlage oder Ihrer Einwilligung.<br>Verarbeitete personenbezogene Daten werden gel\u00f6scht, sobald der Zweck der Verarbeitung erreicht wurde und keine gesetzlich vorgeschriebenen Aufbewahrungspflichten mehr zu wahren sind.<br>Sofern wir f\u00fcr die Bereitstellung bestimmter Angebote Ihre personenbezogenen Daten verarbeiten, informieren wir Sie nachfolgend \u00fcber die konkreten Vorg\u00e4nge, den Umfang und den Zweck der Datenverarbeitung, die Rechtsgrundlage f\u00fcr die Verarbeitung und die jeweilige Speicherdauer.<\/p>\n\n\n\n<p><strong><em>Bereitstellung und Nutzung der Webseite<\/em><\/strong><\/p>\n\n\n\n<ol class=\"wp-block-list\">\n<li><strong>Art und Umfang der Datenverarbeitung<\/strong><br>Bei Aufruf und Nutzung unserer Webseite erheben wir die personenbezogenen Daten, die Ihr Browser automatisch an unseren Server \u00fcbermittelt. Diese Informationen werden tempor\u00e4r in einem sog. Logfile gespeichert. Wenn Sie unsere Webseite nutzen, erheben wir die folgenden Daten, die f\u00fcr uns technisch erforderlich sind, um Ihnen unsere Webseite anzuzeigen und die Stabilit\u00e4t und Sicherheit zu gew\u00e4hrleisten:\n<ol class=\"wp-block-list\">\n<li>IP-Adresse des anfragenden Rechners<\/li>\n\n\n\n<li>Datum und Uhrzeit des Zugriffs<\/li>\n\n\n\n<li>Name und URL der abgerufenen Datei<\/li>\n\n\n\n<li>\u00dcbertragene Datenmenge<\/li>\n\n\n\n<li>Meldung, ob der Abruf erfolgreich war<\/li>\n\n\n\n<li>Erkennungsdaten des zugreifenden Browsers sowie des Betriebssystems<\/li>\n\n\n\n<li>Internetseite, von der aus der Zugriff erfolgt<\/li>\n<\/ol>\n<\/li>\n\n\n\n<li><strong>Rechtsgrundlage<br><\/strong>F\u00fcr die genannte Datenverarbeitung dient Art. 6 Abs. 1 lit. f DSGVO als Rechtsgrundlage. Die Verarbeitung der genannten Daten ist f\u00fcr die Bereitstellung einer Webseite erforderlich und dient damit der Wahrung eines berechtigten Interesses unseres Unternehmens.<\/li>\n\n\n\n<li><strong>Speicherdauer<br><\/strong>Sobald die genannten Daten zur Anzeige der Webseite nicht mehr erforderlich sind, werden sie gel\u00f6scht. Die Erfassung der Daten zur Bereitstellung der Webseite und die Speicherung der Daten in Logfiles ist f\u00fcr den Betrieb der Internetseite zwingend erforderlich. Es besteht folglich seitens des Nutzers keine Widerspruchsm\u00f6glichkeit. Eine weitergehende Speicherung kann im Einzelfall dann erfolgen, wenn dies gesetzlich vorgeschrieben ist.<\/li>\n<\/ol>\n\n\n\n<p><strong><em>Weitergabe von Daten<\/em><\/strong><\/p>\n\n\n\n<p>Wir geben Ihre pers\u00f6nlichen Daten nur an Dritte weiter, wenn:<strong><em><\/em><\/strong><\/p>\n\n\n\n<ul class=\"wp-block-list\">\n<li>Sie hierzu Ihre ausdr\u00fcckliche Einwilligung nach Art. 6 Abs. 1 S. 1 lit. a DSGVO erteilt haben<\/li>\n\n\n\n<li>dies gesetzlich zul\u00e4ssig und nach Art. 6 Abs. 1 S. 1 lit. b DSGVO zur Erf\u00fcllung eines Vertragsverh\u00e4ltnisses mit Ihnen erforderlich ist<\/li>\n\n\n\n<li>nach Art. 6 Abs. 1 S. 1 lit. c DSGVO f\u00fcr die Weitergabe eine gesetzliche Verpflichtung besteht<\/li>\n\n\n\n<li>die Weitergabe nach Art. 6 Abs. 1 S. 1 lit. f DSGVO zur Wahrung berechtigter Unternehmensinteressen, sowie zur Geltendmachung, Aus\u00fcbung oder Verteidigung von Rechtsanspr\u00fcchen erforderlich ist und kein Grund zur Annahme besteht, dass Sie ein \u00fcberwiegendes schutzw\u00fcrdiges Interesse an der Nichtweitergabe Ihrer Daten haben.<\/li>\n<\/ul>\n\n\n\n<p><strong><em>Einsatz von Cookies<\/em><\/strong><\/p>\n\n\n\n<p>Unsere Website verwendet so genannte Cookies. Dabei handelt es sich um kleine Textdateien, die mit Hilfe des Browsers auf Ihrem Endger\u00e4t abgelegt werden. Sie richten keinen Schaden an. Wir nutzen Cookies dazu, unser Angebot nutzerfreundlich zu gestalten. Einige Cookies bleiben auf Ihrem Endger\u00e4t gespeichert, bis Sie diese l\u00f6schen. Sie erm\u00f6glichen es uns, Ihren Browser beim n\u00e4chsten Besuch wiederzuerkennen. Wenn Sie dies nicht w\u00fcnschen, so k\u00f6nnen Sie Ihren Browser so einrichten, dass er Sie \u00fcber das Setzen von Cookies informiert und Sie dies nur im Einzelfall erlauben. Bei der Deaktivierung von Cookies kann die Funktionalit\u00e4t unserer Website eingeschr\u00e4nkt sein.<\/p>\n\n\n\n<p><strong><em>Tracking und Analysetools<\/em><\/strong><\/p>\n\n\n\n<p>Wir nutzen Tracking- und Analysetools um eine fortlaufende Optimierung und bedarfsgerechte Gestaltung unserer Webseite sicherzustellen. Mit Hilfe von Tracking-Ma\u00dfnahmen ist es uns auch m\u00f6glich, die Nutzung unserer Webseite durch Besucher statistisch zu erfassen und unser Onlineangebot mit Hilfe der dadurch gewonnenen Erkenntnisse f\u00fcr Sie weiterzuentwickeln. Aufgrund dieser Interessen ist der Einsatz der nachfolgend beschriebenen Tracking- und Analysetools gem\u00e4\u00df Art. 6 Abs. 1 S. 1 lit. f DSGVO gerechtfertigt. Der nachfolgenden Beschreibung der Tracking- und Analysetools lassen sich auch die jeweiligen Verarbeitungszwecke und die verarbeiteten Daten entnehmen.<\/p>\n\n\n\n<ol class=\"wp-block-list\">\n<li><strong>Piwik<\/strong><br>Auf dieser Webseite wird Piwik benutzt, eine Open-Source-Software zur statistischen Auswertung der Zugriffe durch Besucher. Piwik verwendet Cookies. Die durch den Cookie erzeugten Informationen \u00fcber Ihre Benutzung dieser Webseite werden auf dem Webserver gespeichert. Sie k\u00f6nnen die Installation der Cookies durch eine entsprechende Einstellung Ihrer Browser-Software verhindern. Wir m\u00f6chten Sie jedoch darauf hinweisen, dass Sie in diesem Fall gegebenenfalls nicht s\u00e4mtliche Funktionen dieser Webseite vollumf\u00e4nglich nutzen k\u00f6nnen.<\/li>\n<\/ol>\n\n\n\n<p>Nach der Verarbeitung und vor deren Speicherung erfolgt eine Anonymisierung der IP-Adresse. Wir weisen jedoch ausdr\u00fccklich darauf hin, dass trotz der voll aktivierten Anonymisierungsfunktion eine totale Anonymisierung nicht erreicht wird, sondern es sich dabei lediglich um eine Pseudonymisierung handelt. Piwik erstellt bei ihrer Verwendung einen internen Hashwert, der aus unterschiedlichen Faktoren wie der IP-Adresse, der Aufl\u00f6sung, dem Browser, der verwendeten Plugins und dem Betriebssystem errechnet wird. Auch bei der aktivierten Anonymisierungsfunktion nutzt diese Heuristik f\u00fcr interne Zwecke die volle IP-Adresse, so dass ein R\u00fcckrechnen der Werte mit einigem Aufwand bis auf die IP-Adresse m\u00f6glich ist und somit mit gro\u00dfer Zuverl\u00e4ssigkeit auf die anderen Informationen geschlossen werden kann.<\/p>\n\n\n\n<p>Sofern Sie mit der Speicherung und Auswertung dieser Daten nicht einverstanden sind, k\u00f6nnen Sie der Speicherung und Nutzung (nachfolgend per Mausklick) jederzeit widersprechen. (Anschlie\u00dfend wird in Ihrem Browser ein sog. Opt-Out-Cookie abgelegt, was zur Folge hat, dass Piwik keinerlei Sitzungsdaten erhebt.)<\/p>\n\n\n\n<ul class=\"wp-block-list\">\n<li><strong>Matomo<\/strong><br>Auf dieser Webseite wird Matomo benutzt, eine Open-Source-Software zur statistischen Analyse der Zugriffe durch Besucher. Hierzu werden von Matomo Cookies (vgl. \u00a7 6) eingesetzt. Die durch diese Cookies erzeugten Informationen \u00fcber Ihre Nutzung unserer Webseite werden an unseren Server \u00fcbertragen und hier zu einem pseudonymisierten Nutzungsprofil zusammengefasst. Dies erm\u00f6glicht es uns, die Nutzung unserer Webseite auszuwerten und eine bedarfsgerechte Gestaltung der Webseite vorzunehmen. Eine Weitergabe dieser Informationen an Dritte erfolgt nicht. Die IP-Adresse wird nicht mit anderen Sie betreffenden Daten in Verbindung gebracht. Eine Zuordnung Ihrer IP-Adresse wird durch Anonymisierung mittels IP-Masking verhindert. Matomo ist auf unserer Webseite so konfiguriert, dass eine von Ihnen in Ihrem Browser vorgenommene \u201eDo-Not-Track\u201c-Einstellung beachtet wird.<\/li>\n<\/ul>\n\n\n\n<p>Sie k\u00f6nnen eine Speicherung von Cookies generell durch eine entsprechende Einstellung Ihrer Browser-Software verhindern. Wir m\u00f6chten Sie jedoch darauf hinweisen, dass Sie in diesem Fall gegebenenfalls nicht s\u00e4mtliche Funktionen dieser Webseite vollumf\u00e4nglich nutzen k\u00f6nnen.<\/p>\n\n\n\n<p>Sofern Sie mit der Speicherung und Auswertung nicht einverstanden sind, k\u00f6nnen Sie ihr \u00fcber den nachfolgenden Link widersprechen. Dadurch wird in Ihrem Browser ein sog. Opt-Out-Cookie abgelegt, was zur Folge hat, dass Matomo keinerlei Sitzungsdaten erhebt.<br>Der Besuch dieser Webseite wird aktuell von Piwik erfasst.<\/p>\n\n\n\n<ul class=\"wp-block-list\">\n<li><strong>Google Analytics<\/strong><br>Auf dieser Webseite wird Google Analytics, ein Webanalysedienst der Google Inc., 1600 Amphitheatre Parkway, Mountainview, CA 94043 USA (\u201eGoogle\u201c), genutzt. Google Analytics verwendet sogenannte \u201eCookies\u201c, Textdateien, die auf ihrem Computer gespeichert werden und die eine Analyse der Benutzung der Webseite durch Sie erm\u00f6glichen.<\/li>\n<\/ul>\n\n\n\n<p>Die durch diese Cookies erzeugten Informationen, beispielsweise \u00fcber Zeit, Ort und H\u00e4ufigkeit Ihrer Benutzung dieser Webseite, werden in der Regel an einen Server von Google in den USA \u00fcbertragen und dort gespeichert. Bei der Verwendung von Google Analytics ist es nicht ausgeschlossen, dass die von Google Analytics gesetzten Cookies neben der IP-Adresse auch weitere personenbezogene Daten erfassen k\u00f6nnen. Wir weisen Sie darauf hin, dass Google diese Informationen gegebenenfalls an Dritte \u00fcbertragen wird, sofern dies gesetzlich vorgeschrieben ist, oder soweit Dritte diese Daten im Auftrag von Google verarbeiten.<\/p>\n\n\n\n<p>Die durch Cookies erzeugten Informationen wird Google im Auftrag des Betreibers dieser Webseite benutzen, um Ihre Nutzung der Webseite auszuwerten, um Reports \u00fcber die Webseitenaktivit\u00e4ten zusammenzustellen und weitere mit der Webseitenbenutzung und der Internetnutzung verbundene Dienstleistungen gegen\u00fcber dem Webseitenbetreiber zu erbringen. Die im Rahmen von Google Analytics von Ihrem Browser \u00fcbermittelte IP-Adresse wird von Google nach eigenen Angaben nicht mit anderen Daten von Google zusammengef\u00fchrt.<\/p>\n\n\n\n<p>Sie k\u00f6nnen eine Speicherung von Cookies generell durch eine entsprechende Einstellung Ihrer Browser-Software verhindern. Wir weisen Sie jedoch darauf hin, dass Sie in diesem Fall gegebenenfalls nicht s\u00e4mtliche Funktionen dieser Webseite vollumf\u00e4nglich nutzen k\u00f6nnen.<\/p>\n\n\n\n<p>Es ist nicht ausgeschlossen, dass die von Google Analytics gesetzten Cookies neben der IP-Adresse weitere personenbezogene Daten erfassen k\u00f6nnen. Um zu verhindern, dass Informationen zu Ihrer Nutzung der Webseite durch Google Analytics erfasst und an Google Analytics \u00fcbertragen werden, k\u00f6nnen Sie unter folgendem Link ein Plugin f\u00fcr Ihren Browser herunterladen und installieren:&nbsp;<a href=\"http:\/\/tools.google.com\/dlpage\/gaoptout?hl=de\" target=\"_blank\" rel=\"noreferrer noopener\">http:\/\/tools.google.com\/dlpage\/gaoptout?hl=de<\/a>.<br>Dieses Plugin verhindert, dass Informationen zu Ihrem Besuch der Webseite an Google Analytics \u00fcbermittelt werden. Eine anderweitige Analyse wird durch dieses Plugin nicht unterbunden.<\/p>\n\n\n\n<p>Wir weisen Sie darauf hin, dass Sie das oben beschriebene Browser-Plug-In bei einem Besuch unserer Webseite \u00fcber den Browser eines mobilen Endger\u00e4ts (Smartphone oder Tablet) nicht benutzen k\u00f6nnen. Bei der Nutzung eines mobilen Endger\u00e4ts k\u00f6nnen Sie die Erfassung Ihrer Nutzungsdaten durch Google Analytics durch das Anklicken des folgenden Links verhindern: Erfassung von Daten durch Google Analytics f\u00fcr diese Website deaktivieren<br>Durch das Anklicken dieses Links wird ein sogenanntes Opt-out Cookie in Ihren Browser gesetzt. Dieses verhindert, dass Informationen zu Ihrem Besuch der Webseite an Google Analytics \u00fcbermittelt werden. Bitte beachten Sie, dass das Opt-out Cookie nur f\u00fcr diesen Browser und nur f\u00fcr diese Domain g\u00fcltig ist. Wenn Sie die Cookies in diesem Browser l\u00f6schen, wird auch das Opt-out Cookie gel\u00f6scht. Um die Erfassung durch Google Analytics weiterhin zu verhindern, m\u00fcssen Sie den Link erneut anklicken. Die Nutzung des Opt-out Cookies ist auch als Alternative zu obigen Plug-In bei der Nutzung des Browsers auf Ihrem Computer m\u00f6glich.<\/p>\n\n\n\n<p>Um den bestm\u00f6glichen Schutz Ihrer personenbezogenen Daten zu gew\u00e4hrleisten, wurde Google Analytics auf dieser Webseite um den Code \u201eanonymizeIp\u201c erweitert. Dieser Code bewirkt, dass die letzten 8 Bit der IP-Adressen gel\u00f6scht werden und Ihre IP-Adresse somit anonymisiert erfasst wird (sog. IP-Masking). Ihre IP-Adresse wird dabei von Google grunds\u00e4tzlich schon vor der \u00dcbertragung innerhalb von Mitgliedsstaaten der Europ\u00e4ischen Union oder in anderen Vertragsstaaten des Abkommens \u00fcber den Europ\u00e4ischen Wirtschaftsraum gek\u00fcrzt und dadurch anonymisiert. Nur in Ausnahmef\u00e4llen wird die volle IP-Adresse an einen Server von Google in den USA \u00fcbertragen und dort gek\u00fcrzt.<\/p>\n\n\n\n<p><strong><em>Hyperlinks<\/em><\/strong><\/p>\n\n\n\n<p>Auf unserer Webseite befinden sich sog. Hyperlinks zu Webseiten anderer Anbieter. Bei Aktivierung dieser Hyperlinks werden Sie von unserer Webseite direkt auf die Webseite der anderen Anbieter weitergeleitet. Sie erkennen dies u. a. am Wechsel der URL. Wir k\u00f6nnen keine Verantwortung f\u00fcr den vertraulichen Umgang Ihrer Daten auf diesen Webseiten Dritter \u00fcbernehmen, da wir keinen Einfluss darauf haben, dass diese Unternehmen die Datenschutzbestimmungen einhalten. \u00dcber den Umgang mit Ihren personenbezogenen Daten durch diese Unternehmen informieren Sie sich bitte direkt auf diesen Webseiten.<\/p>\n\n\n\n<p><strong><em>Betroffenenrechte<\/em><\/strong><\/p>\n\n\n\n<p>Aus der DSGVO ergeben sich f\u00fcr Sie als Betroffener einer Verarbeitung personenbezogener Daten die folgenden Rechte:<\/p>\n\n\n\n<ul class=\"wp-block-list\">\n<li>Gem\u00e4\u00df Art. 15 DSGVO k\u00f6nnen Sie Auskunft \u00fcber Ihre von uns verarbeiteten personenbezogenen Daten verlangen. Sie k\u00f6nnen insbesondere Auskunft \u00fcber die Verarbeitungszwecke, die Kategorien der personenbezogenen Daten, die Kategorien von Empf\u00e4ngern, gegen\u00fcber denen Ihre Daten offengelegt wurden oder werden, die geplante Speicherdauer, das Bestehen eines Rechts auf Berichtigung, L\u00f6schung, Einschr\u00e4nkung der Verarbeitung oder Widerspruch, das Bestehen eines Beschwerderechts, die Herkunft ihrer Daten, sofern diese nicht bei uns erhoben wurden, \u00fcber eine \u00dcbermittlung in Drittl\u00e4nder oder an internationale Organisationen sowie \u00fcber das Bestehen einer automatisierten Entscheidungsfindung einschlie\u00dflich Profiling und ggf. aussagekr\u00e4ftige Informationen zu deren Einzelheiten verlangen.<\/li>\n\n\n\n<li>Gem\u00e4\u00df Art. 16 DSGVO k\u00f6nnen Sie unverz\u00fcglich die Berichtigung unrichtiger oder die Vervollst\u00e4ndigung Ihrer bei uns gespeicherten personenbezogenen Daten verlangen.<\/li>\n\n\n\n<li>Gem\u00e4\u00df Art. 17 DSGVO k\u00f6nnen Sie die L\u00f6schung Ihrer bei uns gespeicherten personenbezogenen Daten verlangen, soweit die Verarbeitung nicht zur Aus\u00fcbung des Rechts auf freie Meinungs\u00e4u\u00dferung und Information, zur Erf\u00fcllung einer rechtlichen Verpflichtung, aus Gr\u00fcnden des \u00f6ffentlichen Interesses oder zur Geltendmachung, Aus\u00fcbung oder Verteidigung von Rechtsanspr\u00fcchen erforderlich ist.<\/li>\n\n\n\n<li>Gem\u00e4\u00df Art. 18 DSGVO k\u00f6nnen Sie die Einschr\u00e4nkung der Verarbeitung Ihrer personenbezogenen Daten verlangen, soweit die Richtigkeit der Daten von Ihnen bestritten wird, die Verarbeitung unrechtm\u00e4\u00dfig ist, wir die Daten nicht mehr ben\u00f6tigen und Sie deren L\u00f6schung ablehnen, weil Sie diese zur Geltendmachung, Aus\u00fcbung oder Verteidigung von Rechtsanspr\u00fcchen ben\u00f6tigen. Das Recht aus Art. 18 DSGVO steht Ihnen auch zu, wenn Sie gem\u00e4\u00df Art. 21 DSGVO Widerspruch gegen die Verarbeitung eingelegt haben.<\/li>\n\n\n\n<li>Gem\u00e4\u00df Art. 20 DSGVO k\u00f6nnen Sie verlangen, Ihre personenbezogenen Daten, die Sie uns bereitgestellt haben, in einem strukturierten, g\u00e4ngigen und maschinenlesebaren Format zu erhalten oder Sie k\u00f6nnen die \u00dcbermittlung an einen anderen Verantwortlichen verlangen.<\/li>\n\n\n\n<li>Gem\u00e4\u00df Art. 7 Abs. 3 DSGVO k\u00f6nnen Sie Ihre einmal erteilte Einwilligung jederzeit gegen\u00fcber uns widerrufen. Dies hat zur Folge, dass wir die auf dieser Einwilligung beruhende Datenverarbeitung f\u00fcr die Zukunft nicht mehr fortf\u00fchren d\u00fcrfen.<\/li>\n\n\n\n<li>Gem\u00e4\u00df Art. 77 DSGVO steht Ihnen das Recht zu, sich bei einer Aufsichtsbeh\u00f6rde zu beschweren. In der Regel k\u00f6nnen Sie sich hierf\u00fcr an die Aufsichtsbeh\u00f6rde Ihres \u00fcblichen Aufenthaltsortes, Ihres Arbeitsplatzes oder unseres Unternehmenssitzes wenden. In \u00d6sterreich handelt es sich bei der Aufsichtsbeh\u00f6rde um die: \u00d6sterreichische Datenschutzbeh\u00f6rde, Barichgasse 40-42 , 1030 Wien, Telefon: +43 1 52 152-0, E-Mail:&nbsp;<a href=\"javascript:DeCryptX('3g0s0b2B3g0s1c201h0v1\/1b3w')\">dsb [at] dsb [dot] gv [dot] at<\/a>, Web:&nbsp;<a href=\"https:\/\/www.dsb.gv.at\/\" target=\"_blank\" rel=\"noreferrer noopener\">dsb.gv.at<\/a>.<\/li>\n<\/ul>\n\n\n\n<p><strong><em>Widerspruchsrecht<\/em><\/strong><\/p>\n\n\n\n<p>Bei der Verarbeitung Ihrer personenbezogenen Daten auf Grundlage berechtigter Interessen gem\u00e4\u00df Art. 6 Abs. 1 S. 1 lit. f DSGVO, haben Sie das Recht, gem\u00e4\u00df Art. 21 DSGVO Widerspruch gegen die Verarbeitung Ihrer personenbezogenen Daten einzulegen, soweit daf\u00fcr Gr\u00fcnde vorliegen, die sich aus Ihrer besonderen Situation ergeben oder sich der Widerspruch gegen Direktwerbung richtet. Im Fall der Direktwerbung besteht f\u00fcr Sie ein generelles Widerspruchsrecht, das von uns ohne Angabe einer besonderen Situation umgesetzt wird.<\/p>\n\n\n\n<p><strong><em>Datensicherheit und Sicherungsma\u00dfnahmen<\/em><\/strong><\/p>\n\n\n\n<p>Wir verpflichten uns, Ihre Privatsph\u00e4re zu sch\u00fctzen und Ihre personenbezogenen Daten vertraulich zu behandeln. Um eine Manipulation, einen Verlust oder einen Missbrauch Ihrer bei uns gespeicherten Daten zu vermeiden, treffen wir umfangreiche technische und organisatorische Sicherheitsvorkehrungen, die regelm\u00e4\u00dfig \u00fcberpr\u00fcft und dem technologischen Fortschritt angepasst werden. Hierzu geh\u00f6rt unter anderem die Verwendung anerkannter Verschl\u00fcsselungsverfahren (TLS). Wir weisen Sie jedoch darauf hin, dass es aufgrund der Struktur des Internets m\u00f6glich ist, dass die Regeln des Datenschutzes und die o. g. Sicherungsma\u00dfnahmen von anderen, nicht innerhalb unseres Verantwortungsbereichs liegenden Personen oder Institutionen nicht beachtet werden. Insbesondere k\u00f6nnen unverschl\u00fcsselt preisgegebene Daten \u2013 z. B. wenn dies per E-Mail erfolgt \u2013 von Dritten mitgelesen werden. Wir haben technisch hierauf keinen Einfluss. Es liegt im Verantwortungsbereich des Nutzers, die von ihm zur Verf\u00fcgung gestellten Daten durch Verschl\u00fcsselung oder in sonstiger Weise gegen Missbrauch zu sch\u00fctzen.<\/p>\n<\/div><\/div>\n","protected":false},"excerpt":{"rendered":"<p>Die Universit\u00e4t Klagenfurt freut sich, dass Sie unsere Website besuchen. Datenschutz und Datensicherheit bei der Nutzung unserer Website sind f\u00fcr uns sehr wichtig. Wir m\u00f6chten Sie daher an dieser Stelle dar\u00fcber informieren, welche Ihrer personenbezogenen Daten wir bei Ihrem Besuch auf unserer Website erfassen und f\u00fcr welche Zwecke diese genutzt werden.Da Gesetzes\u00e4nderungen oder \u00c4nderungen unserer [&hellip;]<\/p>\n","protected":false},"author":1,"featured_media":0,"parent":0,"menu_order":0,"comment_status":"closed","ping_status":"open","template":"","meta":{"footnotes":""},"class_list":["post-3","page","type-page","status-publish","hentry"],"_links":{"self":[{"href":"https:\/\/ontheborder.aau.at\/index.php?rest_route=\/wp\/v2\/pages\/3","targetHints":{"allow":["GET"]}}],"collection":[{"href":"https:\/\/ontheborder.aau.at\/index.php?rest_route=\/wp\/v2\/pages"}],"about":[{"href":"https:\/\/ontheborder.aau.at\/index.php?rest_route=\/wp\/v2\/types\/page"}],"author":[{"embeddable":true,"href":"https:\/\/ontheborder.aau.at\/index.php?rest_route=\/wp\/v2\/users\/1"}],"replies":[{"embeddable":true,"href":"https:\/\/ontheborder.aau.at\/index.php?rest_route=%2Fwp%2Fv2%2Fcomments&post=3"}],"version-history":[{"count":7,"href":"https:\/\/ontheborder.aau.at\/index.php?rest_route=\/wp\/v2\/pages\/3\/revisions"}],"predecessor-version":[{"id":455,"href":"https:\/\/ontheborder.aau.at\/index.php?rest_route=\/wp\/v2\/pages\/3\/revisions\/455"}],"wp:attachment":[{"href":"https:\/\/ontheborder.aau.at\/index.php?rest_route=%2Fwp%2Fv2%2Fmedia&parent=3"}],"curies":[{"name":"wp","href":"https:\/\/api.w.org\/{rel}","templated":true}]}}